{"id":1379,"date":"2017-12-13T21:54:03","date_gmt":"2017-12-13T21:54:03","guid":{"rendered":"http:\/\/www.apcav.ch\/?page_id=1379"},"modified":"2020-12-30T07:33:06","modified_gmt":"2020-12-30T06:33:06","slug":"fvsr2","status":"publish","type":"page","link":"https:\/\/www.apcav.ch\/en\/fvsr2\/","title":{"rendered":"FVSR2"},"content":{"rendered":"<img loading=\"lazy\" decoding=\"async\" class=\"alignnone size-full wp-image-1336\" src=\"http:\/\/www.apcav.ch\/wp-content\/uploads\/2017\/12\/verbier-apcav.jpg\" alt=\"APCAV verbier\" width=\"1200\" height=\"600\" srcset=\"https:\/\/www.apcav.ch\/wp-content\/uploads\/2017\/12\/verbier-apcav.jpg 1200w, https:\/\/www.apcav.ch\/wp-content\/uploads\/2017\/12\/verbier-apcav-600x300.jpg 600w, https:\/\/www.apcav.ch\/wp-content\/uploads\/2017\/12\/verbier-apcav-300x150.jpg 300w, https:\/\/www.apcav.ch\/wp-content\/uploads\/2017\/12\/verbier-apcav-768x384.jpg 768w, https:\/\/www.apcav.ch\/wp-content\/uploads\/2017\/12\/verbier-apcav-1024x512.jpg 1024w\" sizes=\"(max-width: 1200px) 100vw, 1200px\" \/><\/p>\n<h3 style=\"text-align: center;\">la F\u00e9d\u00e9ration valaisanne des r\u00e9sidences secondaires<\/h3>\n<p><img loading=\"lazy\" decoding=\"async\" class=\"alignright size-full wp-image-1847\" src=\"http:\/\/apcav.marketingverbier.com\/wp-content\/uploads\/2017\/11\/FVSR2-logo-apcav.png\" alt=\"FVSR2\" width=\"155\" height=\"211\" \/>On November 1st 2013 the Inaugural Assembly of the Federation of Associations of Second Residences in Valais FVSR2 took place in Lausanne.\u00a0The meeting was chaired by the newly elected President Andr\u00e9 Gossauer (Also President of the association of Champ\u00e9ry APCACH).\u00a0The following associations were incorporated into the Federation :<\/p>\n<ul>\n<li>ASPROLUC Anniviers<\/li>\n<li>ASPA Anz\u00e8res<\/li>\n<li>APACH Crans -Montana<\/li>\n<li>APCAV Verbier<\/li>\n<li>APCTAC Thyon Les Collons<\/li>\n<li>APCACH Champ\u00e9ry<\/li>\n<\/ul>\n<p>The main objectives are :<\/p>\n<ul>\n<li>To recognize the Second Residence Associations as important contributors to the development of the tourist resorts.<\/li>\n<li>To ensure the Second Residence Associations are consulted by the cantonal authorities in all matters relating to second homes and tourism and development.<\/li>\n<li>To support the Communes in their efforts to promote quality tourism<\/li>\n<li>To guarantee to be informed by the Communes on all issues related to the second homes at communal, cantonal and federal levels.<\/li>\n<\/ul>\n<p style=\"text-align: center;\"><a href=\"http:\/\/www.fvsr2.ch\" target=\"_blank\" rel=\"noopener noreferrer\">Website\u00a0F\u00c9D\u00c9RATION VALAISANNE DES R\u00c9SIDENCES SECONDAIRES<\/a><\/p>","protected":false},"excerpt":{"rendered":"<p>la F\u00e9d\u00e9ration valaisanne des r\u00e9sidences secondaires On November 1st 2013 the Inaugural Assembly of the Federation of Associations of Second Residences in Valais FVSR2 took place in Lausanne.\u00a0The meeting was &#8230;<\/p>\n","protected":false},"author":74,"featured_media":0,"parent":0,"menu_order":0,"comment_status":"closed","ping_status":"closed","template":"","meta":{"footnotes":""},"_links":{"self":[{"href":"https:\/\/www.apcav.ch\/en\/wp-json\/wp\/v2\/pages\/1379"}],"collection":[{"href":"https:\/\/www.apcav.ch\/en\/wp-json\/wp\/v2\/pages"}],"about":[{"href":"https:\/\/www.apcav.ch\/en\/wp-json\/wp\/v2\/types\/page"}],"author":[{"embeddable":true,"href":"https:\/\/www.apcav.ch\/en\/wp-json\/wp\/v2\/users\/74"}],"replies":[{"embeddable":true,"href":"https:\/\/www.apcav.ch\/en\/wp-json\/wp\/v2\/comments?post=1379"}],"version-history":[{"count":2,"href":"https:\/\/www.apcav.ch\/en\/wp-json\/wp\/v2\/pages\/1379\/revisions"}],"predecessor-version":[{"id":2458,"href":"https:\/\/www.apcav.ch\/en\/wp-json\/wp\/v2\/pages\/1379\/revisions\/2458"}],"wp:attachment":[{"href":"https:\/\/www.apcav.ch\/en\/wp-json\/wp\/v2\/media?parent=1379"}],"curies":[{"name":"wp","href":"https:\/\/api.w.org\/{rel}","templated":true}]}}