{"id":2977,"date":"2023-02-26T05:50:37","date_gmt":"2023-02-26T04:50:37","guid":{"rendered":"https:\/\/www.apcav.ch\/?page_id=2977"},"modified":"2023-03-15T07:50:53","modified_gmt":"2023-03-15T06:50:53","slug":"objectifs","status":"publish","type":"page","link":"https:\/\/www.apcav.ch\/en\/objectifs\/","title":{"rendered":"Objectives"},"content":{"rendered":"<img loading=\"lazy\" decoding=\"async\" class=\"alignnone size-full wp-image-3028\" src=\"https:\/\/www.apcav.ch\/wp-content\/uploads\/2023\/03\/APCAV-VERBIER-e1678863018177.jpg\" alt=\"\" width=\"1024\" height=\"547\" srcset=\"https:\/\/www.apcav.ch\/wp-content\/uploads\/2023\/03\/APCAV-VERBIER-e1678863018177.jpg 1024w, https:\/\/www.apcav.ch\/wp-content\/uploads\/2023\/03\/APCAV-VERBIER-e1678863018177-300x160.jpg 300w, https:\/\/www.apcav.ch\/wp-content\/uploads\/2023\/03\/APCAV-VERBIER-e1678863018177-768x410.jpg 768w, https:\/\/www.apcav.ch\/wp-content\/uploads\/2023\/03\/APCAV-VERBIER-e1678863018177-600x321.jpg 600w\" sizes=\"(max-width: 1024px) 100vw, 1024px\" \/><\/p>\n<h3 style=\"text-align: center;\">OBJECTIVE IS TO DEFEND<\/h3>\n<p>APCAV helps protect owners interests\u00a0:<\/p>\n<ul>\n<li>By keeping them informed and \u00a0guarantying them direct contact with the committee members.<\/li>\n<li>By registering the adjacent plot numbers surrounding their properties with the Fiduciaire, who will notify them of any neighbouring planning applications.<\/li>\n<li>By offering a free one hour consultation per year with the Fiduciaire de Verbier on fiscal or administrative matters.<\/li>\n<li>By APCAV\u2019s affiliation to the FVSR2 (F\u00e9d\u00e9ration Valaisanne des Propri\u00e9taires de R\u00e9sidences Secondaires) and APCAV\u2019s seat on the SDV (Soci\u00e9t\u00e9 de D\u00e9veloppement de Verbier).<\/li>\n<\/ul>\n<p>&nbsp;<\/p>\n<h3 style=\"text-align: center;\">OBJECTIVE IS TO INFORM<\/h3>\n<p>The APCAV website and newsletter inform property owners on:<\/p>\n<ul>\n<li>Developments in and around Verbier.<\/li>\n<li>New or changing fiscal policies.<\/li>\n<li>Relevant issues communicated by the local authorities.<\/li>\n<li>Members can access the meeting minutes of recent APCAV General Assembly at which local authorities make presentations.<\/li>\n<\/ul>\n<p>&#8212;<\/p>\n<p>We invite you to join our social media channels:<\/p>\n<ul>\n<li><a href=\"https:\/\/www.facebook.com\/apcav.ch\" target=\"_blank\" rel=\"noopener\">Facebook<\/a><\/li>\n<li><a href=\"https:\/\/www.instagram.com\/apcav_verbier\/\" target=\"_blank\" rel=\"noopener\">Instagram<\/a><\/li>\n<li><a href=\"https:\/\/www.linkedin.com\/company\/apcav\/\" target=\"_blank\" rel=\"noopener\">LinkedIn<\/a><\/li>\n<\/ul>\n<p>&nbsp;<\/p>\n<h3 style=\"text-align: center;\">OBJECTIVE IS TO BRING TOGETHER<\/h3>\n<p>L&#8217;APCAV brings apartment and chalet owners together by:<\/p>\n<ul>\n<li><strong>NEW &#8211;\u00a0<\/strong>Concrete events that allow discussion on topics related to property, to make decisions and to offer a friendly moment to members.<\/li>\n<li>Two APCAV General Assemblies each year. The local authorities are invited to make presentations on future developments and to present changes to taxation and other important issues (Commune de Val de Bagnes, Verbier Tourisme, T\u00e9l\u00e9verbier SA). APCAV members are invited to attend and submit questions in advance or at the Assembly.<\/li>\n<\/ul>","protected":false},"excerpt":{"rendered":"<p>OBJECTIVE IS TO DEFEND APCAV helps protect owners interests\u00a0: By keeping them informed and \u00a0guarantying them direct contact with the committee members. By registering the adjacent plot numbers surrounding their &#8230;<\/p>\n","protected":false},"author":74,"featured_media":0,"parent":0,"menu_order":0,"comment_status":"closed","ping_status":"closed","template":"","meta":{"footnotes":""},"_links":{"self":[{"href":"https:\/\/www.apcav.ch\/en\/wp-json\/wp\/v2\/pages\/2977"}],"collection":[{"href":"https:\/\/www.apcav.ch\/en\/wp-json\/wp\/v2\/pages"}],"about":[{"href":"https:\/\/www.apcav.ch\/en\/wp-json\/wp\/v2\/types\/page"}],"author":[{"embeddable":true,"href":"https:\/\/www.apcav.ch\/en\/wp-json\/wp\/v2\/users\/74"}],"replies":[{"embeddable":true,"href":"https:\/\/www.apcav.ch\/en\/wp-json\/wp\/v2\/comments?post=2977"}],"version-history":[{"count":22,"href":"https:\/\/www.apcav.ch\/en\/wp-json\/wp\/v2\/pages\/2977\/revisions"}],"predecessor-version":[{"id":3029,"href":"https:\/\/www.apcav.ch\/en\/wp-json\/wp\/v2\/pages\/2977\/revisions\/3029"}],"wp:attachment":[{"href":"https:\/\/www.apcav.ch\/en\/wp-json\/wp\/v2\/media?parent=2977"}],"curies":[{"name":"wp","href":"https:\/\/api.w.org\/{rel}","templated":true}]}}